{"id":899,"date":"2024-03-30T00:02:02","date_gmt":"2024-03-30T03:02:02","guid":{"rendered":"https:\/\/toshdesign.com.br\/?page_id=899"},"modified":"2026-01-27T11:19:58","modified_gmt":"2026-01-27T14:19:58","slug":"sobre","status":"publish","type":"page","link":"https:\/\/toshdesign.com.br\/index.php\/sobre\/","title":{"rendered":"SOBRE MIM"},"content":{"rendered":"\t\t<div data-elementor-type=\"wp-page\" data-elementor-id=\"899\" class=\"elementor elementor-899\" data-elementor-post-type=\"page\">\n\t\t\t\t<div class=\"elementor-element elementor-element-8cec736 e-flex e-con-boxed wpr-particle-no wpr-jarallax-no wpr-parallax-no wpr-sticky-section-no wpr-column-slider-no wpr-equal-height-no e-con e-parent\" data-id=\"8cec736\" data-element_type=\"container\">\n\t\t\t\t\t<div class=\"e-con-inner\">\n\t\t<div class=\"elementor-element elementor-element-d012665 e-flex e-con-boxed wpr-particle-no wpr-jarallax-no wpr-parallax-no wpr-sticky-section-no wpr-column-slider-no wpr-equal-height-no e-con e-child\" data-id=\"d012665\" data-element_type=\"container\" data-settings=\"{&quot;background_background&quot;:&quot;classic&quot;}\">\n\t\t\t\t\t<div class=\"e-con-inner\">\n\t\t<div class=\"elementor-element elementor-element-cbf6e7e e-flex e-con-boxed wpr-particle-no wpr-jarallax-no wpr-parallax-no wpr-sticky-section-no wpr-column-slider-no wpr-equal-height-no e-con e-child\" data-id=\"cbf6e7e\" data-element_type=\"container\">\n\t\t\t\t\t<div class=\"e-con-inner\">\n\t\t\t\t<div class=\"elementor-element elementor-element-5927ea8 elementor-position-top elementor-widget elementor-widget-image-box\" data-id=\"5927ea8\" data-element_type=\"widget\" data-widget_type=\"image-box.default\">\n\t\t\t\t<div class=\"elementor-widget-container\">\n\t\t\t\t\t<div class=\"elementor-image-box-wrapper\"><figure class=\"elementor-image-box-img\"><img fetchpriority=\"high\" decoding=\"async\" width=\"640\" height=\"640\" src=\"https:\/\/toshdesign.com.br\/wp-content\/uploads\/2024\/03\/toshio.jpeg\" class=\"elementor-animation-float attachment-full size-full wp-image-299\" alt=\"\" srcset=\"https:\/\/toshdesign.com.br\/wp-content\/uploads\/2024\/03\/toshio.jpeg 640w, https:\/\/toshdesign.com.br\/wp-content\/uploads\/2024\/03\/toshio-300x300.jpeg 300w, https:\/\/toshdesign.com.br\/wp-content\/uploads\/2024\/03\/toshio-150x150.jpeg 150w, https:\/\/toshdesign.com.br\/wp-content\/uploads\/2024\/03\/toshio-200x200.jpeg 200w\" sizes=\"(max-width: 640px) 100vw, 640px\" \/><\/figure><div class=\"elementor-image-box-content\"><h3 class=\"elementor-image-box-title\">Fabio Toshio Ueno<\/h3><p class=\"elementor-image-box-description\">Gestor de Inova\u00e7\u00e3o, Arquiteto pela Universidade de S\u00e3o Paulo e especialista em Design Estrat\u00e9gico pelo IED - Istituto Europeo di Design, Acumulou experi\u00eancia diversa, j\u00e1 tendo atendido mais de 300 empresas com ampla variedade de ferramentas e solu\u00e7\u00f5es.<\/p><\/div><\/div>\t\t\t\t<\/div>\n\t\t\t\t<\/div>\n\t\t\t\t\t<\/div>\n\t\t\t\t<\/div>\n\t\t\t\t<div class=\"elementor-element elementor-element-a5e3dd4 elementor-widget elementor-widget-heading\" data-id=\"a5e3dd4\" data-element_type=\"widget\" data-widget_type=\"heading.default\">\n\t\t\t\t<div class=\"elementor-widget-container\">\n\t\t\t\t\t<h2 class=\"elementor-heading-title elementor-size-default\">Possui experi\u00eancia com diferentes setores industriais e comerciais, tanto em desenvolvimento e coordena\u00e7\u00e3o de projetos de Design (produto, gr\u00e1fico e embalagens) reposicionamento de mercado, melhoria de processo produtivo, projeto e layout de stands e expositores, modelagem de neg\u00f3cios (produtos e servi\u00e7os), an\u00e1lise e melhoria de servi\u00e7o, design thinking, propriedade industrial (marcas, desenho industrial e patentes, valora\u00e7\u00e3o de tecnologia, pesquisa de anterioridade), gest\u00e3o de portf\u00f3lio e identidade corporativa.<\/h2>\t\t\t\t<\/div>\n\t\t\t\t<\/div>\n\t\t\t\t<div class=\"elementor-element elementor-element-e4e44dc elementor-widget elementor-widget-heading\" data-id=\"e4e44dc\" data-element_type=\"widget\" data-widget_type=\"heading.default\">\n\t\t\t\t<div class=\"elementor-widget-container\">\n\t\t\t\t\t<h2 class=\"elementor-heading-title elementor-size-default\">Tem como foco diagn\u00f3sticos e planejamentos estrat\u00e9gicos para inova\u00e7\u00e3o, unindo uma vis\u00e3o ampla do contexto empresarial e das ferramentas e solu\u00e7\u00f5es de inova\u00e7\u00e3o dispon\u00edveis, com transpar\u00eancia, empatia e \u00e9tica, sempre considerando os recursos acess\u00edveis, expectativas pessoais dos envolvidos e buscando otimizar recursos (energia, tempo e finan\u00e7as) ao alinhar modelos de neg\u00f3cio e modelos pessoais de vida.<\/h2>\t\t\t\t<\/div>\n\t\t\t\t<\/div>\n\t\t\t\t<div class=\"elementor-element elementor-element-9f86b55 elementor-widget elementor-widget-heading\" data-id=\"9f86b55\" data-element_type=\"widget\" data-widget_type=\"heading.default\">\n\t\t\t\t<div class=\"elementor-widget-container\">\n\t\t\t\t\t<h2 class=\"elementor-heading-title elementor-size-default\">Tem tempo para um caf\u00e9?<\/h2>\t\t\t\t<\/div>\n\t\t\t\t<\/div>\n\t\t\t\t\t<\/div>\n\t\t\t\t<\/div>\n\t\t\t\t\t<\/div>\n\t\t\t\t<\/div>\n\t\t\t\t<\/div>\n\t\t","protected":false},"excerpt":{"rendered":"<p>Fabio Toshio Ueno Gestor de Inova\u00e7\u00e3o, Arquiteto pela Universidade de S\u00e3o Paulo e especialista em Design Estrat\u00e9gico pelo IED &#8211; Istituto Europeo di Design, Acumulou experi\u00eancia diversa, j\u00e1 tendo atendido mais de 300 empresas com ampla variedade de ferramentas e solu\u00e7\u00f5es. Possui experi\u00eancia com diferentes setores industriais e comerciais, tanto em desenvolvimento e coordena\u00e7\u00e3o de projetos de Design (produto, gr\u00e1fico e embalagens) reposicionamento de mercado, melhoria de processo produtivo, projeto e layout de stands e expositores, modelagem de neg\u00f3cios (produtos e servi\u00e7os), an\u00e1lise e melhoria de servi\u00e7o, design thinking, propriedade industrial (marcas, desenho industrial e patentes, valora\u00e7\u00e3o de tecnologia, pesquisa de anterioridade), gest\u00e3o de portf\u00f3lio e identidade corporativa. Tem como foco diagn\u00f3sticos e planejamentos estrat\u00e9gicos para inova\u00e7\u00e3o, unindo uma vis\u00e3o ampla do contexto empresarial e das ferramentas e solu\u00e7\u00f5es de inova\u00e7\u00e3o dispon\u00edveis, com transpar\u00eancia, empatia e \u00e9tica, sempre considerando os recursos acess\u00edveis, expectativas pessoais dos envolvidos e buscando otimizar recursos (energia, tempo e finan\u00e7as) ao alinhar modelos de neg\u00f3cio e modelos pessoais de vida. Tem tempo para um caf\u00e9?<\/p>\n","protected":false},"author":1,"featured_media":592,"parent":0,"menu_order":0,"comment_status":"closed","ping_status":"closed","template":"","meta":{"_monsterinsights_skip_tracking":false,"_monsterinsights_sitenote_active":false,"_monsterinsights_sitenote_note":"","_monsterinsights_sitenote_category":0,"footnotes":"","_joinchat":[]},"aioseo_notices":[],"_links":{"self":[{"href":"https:\/\/toshdesign.com.br\/index.php\/wp-json\/wp\/v2\/pages\/899"}],"collection":[{"href":"https:\/\/toshdesign.com.br\/index.php\/wp-json\/wp\/v2\/pages"}],"about":[{"href":"https:\/\/toshdesign.com.br\/index.php\/wp-json\/wp\/v2\/types\/page"}],"author":[{"embeddable":true,"href":"https:\/\/toshdesign.com.br\/index.php\/wp-json\/wp\/v2\/users\/1"}],"replies":[{"embeddable":true,"href":"https:\/\/toshdesign.com.br\/index.php\/wp-json\/wp\/v2\/comments?post=899"}],"version-history":[{"count":149,"href":"https:\/\/toshdesign.com.br\/index.php\/wp-json\/wp\/v2\/pages\/899\/revisions"}],"predecessor-version":[{"id":1918,"href":"https:\/\/toshdesign.com.br\/index.php\/wp-json\/wp\/v2\/pages\/899\/revisions\/1918"}],"wp:featuredmedia":[{"embeddable":true,"href":"https:\/\/toshdesign.com.br\/index.php\/wp-json\/wp\/v2\/media\/592"}],"wp:attachment":[{"href":"https:\/\/toshdesign.com.br\/index.php\/wp-json\/wp\/v2\/media?parent=899"}],"curies":[{"name":"wp","href":"https:\/\/api.w.org\/{rel}","templated":true}]}}